{"id":7788,"date":"2022-06-30T15:52:07","date_gmt":"2022-06-30T20:52:07","guid":{"rendered":"https:\/\/quorum.studio\/?post_type=product&#038;p=7788"},"modified":"2024-05-07T20:14:12","modified_gmt":"2024-05-08T01:14:12","slug":"perla-necklace","status":"publish","type":"product","link":"https:\/\/quorum.studio\/en\/product\/perla-necklace\/","title":{"rendered":"Perla Necklace"},"content":{"rendered":"<p>Esta hermosa pieza es el balance perfecto entre sofisticado y cl\u00e1sico. Estilizar\u00e1 tu cuello con cualquier tipo de blusas. Con un estilo contempor\u00e1neo, se convierte en la elecci\u00f3n perfecta para usar como estilo moderno y duradero. Elaborada cuidadosamente de oro de 18k chapado sobre acero inoxidable de alta calidad y, adem\u00e1s, es resistente al agua.<\/p>","protected":false},"excerpt":{"rendered":"<ul>\n<li style=\"font-weight: 400;\" aria-level=\"1\"><span style=\"font-weight: 400;\">18k gold plated on steel.<\/span><\/li>\n<li style=\"font-weight: 400;\" aria-level=\"1\"><span style=\"font-weight: 400;\"><span style=\"font-weight: 400;\">Size: <\/span><\/span>40 + 5cm<\/li>\n<li style=\"font-weight: 400;\" aria-level=\"1\">Each order includes a <b>Qu\u00f4rum Studio<\/b> black box and bag.<\/li>\n<\/ul>","protected":false},"featured_media":7795,"comment_status":"closed","ping_status":"closed","template":"","meta":[],"_links":{"self":[{"href":"https:\/\/quorum.studio\/en\/wp-json\/wp\/v2\/product\/7788"}],"collection":[{"href":"https:\/\/quorum.studio\/en\/wp-json\/wp\/v2\/product"}],"about":[{"href":"https:\/\/quorum.studio\/en\/wp-json\/wp\/v2\/types\/product"}],"replies":[{"embeddable":true,"href":"https:\/\/quorum.studio\/en\/wp-json\/wp\/v2\/comments?post=7788"}],"wp:featuredmedia":[{"embeddable":true,"href":"https:\/\/quorum.studio\/en\/wp-json\/wp\/v2\/media\/7795"}],"wp:attachment":[{"href":"https:\/\/quorum.studio\/en\/wp-json\/wp\/v2\/media?parent=7788"}],"curies":[{"name":"wp","href":"https:\/\/api.w.org\/{rel}","templated":true}]}}