{"id":3801,"date":"2021-03-19T00:14:46","date_gmt":"2021-03-19T00:14:46","guid":{"rendered":"https:\/\/quorum.studio\/?page_id=3801"},"modified":"2021-04-11T23:20:21","modified_gmt":"2021-04-12T04:20:21","slug":"product-care","status":"publish","type":"page","link":"https:\/\/quorum.studio\/en\/product-care\/","title":{"rendered":"Product Care"},"content":{"rendered":"<div data-elementor-type=\"wp-page\" data-elementor-id=\"3801\" class=\"elementor elementor-3801\" data-elementor-settings=\"[]\">\n\t\t\t\t\t\t<div class=\"elementor-inner\">\n\t\t\t\t\t\t\t<div class=\"elementor-section-wrap\">\n\t\t\t\t\t\t\t<section class=\"elementor-section elementor-top-section elementor-element elementor-element-24226a7 elementor-section-boxed elementor-section-height-default elementor-section-height-default\" data-id=\"24226a7\" data-element_type=\"section\">\n\t\t\t\t\t\t<div class=\"elementor-container elementor-column-gap-default\">\n\t\t\t\t\t\t\t<div class=\"elementor-row\">\n\t\t\t\t\t<div class=\"elementor-column elementor-col-100 elementor-top-column elementor-element elementor-element-b52d057\" data-id=\"b52d057\" data-element_type=\"column\">\n\t\t\t<div class=\"elementor-column-wrap elementor-element-populated\">\n\t\t\t\t\t\t\t<div class=\"elementor-widget-wrap\">\n\t\t\t\t\t\t<div class=\"elementor-element elementor-element-83231de elementor-widget elementor-widget-text-editor\" data-id=\"83231de\" data-element_type=\"widget\" data-widget_type=\"text-editor.default\">\n\t\t\t\t<div class=\"elementor-widget-container\">\n\t\t\t\t\t<div class=\"elementor-text-editor elementor-clearfix\"><p><b>Jewelry Care<br \/><\/b><\/p><p>All of our jewels are manufactured carefully by artisans that use high quality and lasting materials. This care guide will help you get the best of your jewelry.<\/p><ul><li aria-level=\"1\">Store your jewels separately to prevent any scuffing and scratches.<\/li><li aria-level=\"1\">Clean them with a soft cloth after every use.<\/li><li aria-level=\"1\">Keep them clear from chemical products such as perfumes, lotions, etc.<\/li><li aria-level=\"1\">Don't sleep with delicate necklaces.<\/li><li aria-level=\"1\">In case that your jewels get wet, use a dry soft cloth to clean them.<\/li><\/ul><\/div>\n\t\t\t\t<\/div>\n\t\t\t\t<\/div>\n\t\t\t\t\t\t<\/div>\n\t\t\t\t\t<\/div>\n\t\t<\/div>\n\t\t\t\t\t\t\t\t<\/div>\n\t\t\t\t\t<\/div>\n\t\t<\/section>\n\t\t\t\t\t\t<\/div>\n\t\t\t\t\t\t<\/div>\n\t\t\t\t\t<\/div>","protected":false},"excerpt":{"rendered":"<p>Cuidados de joyer\u00eda Todas nuestras joyas est\u00e1n elaboradas minuciosamente por artesanos que utilizan materiales duraderos y de alta calidad. Esta gu\u00eda de cuidados te ayudar\u00e1 a mantener tu joyer\u00eda para garantizar su longevidad. Guarda tus joyas por separado para evitar raspaduras. L\u00edmpialas con un pa\u00f1o suave despu\u00e9s de usarlas. Evita el contacto directo con productos [&hellip;]<\/p>","protected":false},"author":32910,"featured_media":0,"parent":0,"menu_order":0,"comment_status":"closed","ping_status":"closed","template":"","meta":[],"_links":{"self":[{"href":"https:\/\/quorum.studio\/en\/wp-json\/wp\/v2\/pages\/3801"}],"collection":[{"href":"https:\/\/quorum.studio\/en\/wp-json\/wp\/v2\/pages"}],"about":[{"href":"https:\/\/quorum.studio\/en\/wp-json\/wp\/v2\/types\/page"}],"author":[{"embeddable":true,"href":"https:\/\/quorum.studio\/en\/wp-json\/wp\/v2\/users\/32910"}],"replies":[{"embeddable":true,"href":"https:\/\/quorum.studio\/en\/wp-json\/wp\/v2\/comments?post=3801"}],"version-history":[{"count":0,"href":"https:\/\/quorum.studio\/en\/wp-json\/wp\/v2\/pages\/3801\/revisions"}],"wp:attachment":[{"href":"https:\/\/quorum.studio\/en\/wp-json\/wp\/v2\/media?parent=3801"}],"curies":[{"name":"wp","href":"https:\/\/api.w.org\/{rel}","templated":true}]}}